{"id":86,"date":"2014-10-13T19:02:30","date_gmt":"2014-10-13T17:02:30","guid":{"rendered":"http:\/\/v-a-m-t.briit.de\/?page_id=86"},"modified":"2025-09-19T13:35:58","modified_gmt":"2025-09-19T11:35:58","slug":"betreuung","status":"publish","type":"page","link":"https:\/\/www.grundschule-t-a-h.de\/?page_id=86","title":{"rendered":"OGS Hoppecke"},"content":{"rendered":"<p><strong>OGS Standort Hoppecke<\/strong><br \/>\nHeinrich-Jansen-Str. 23a<br \/>\n59929 Brilon-Hoppecke<br \/>\nTel.: 02963 \u2013 9670057<br \/>\nMail: ogs-hoppecke@sozialwerk-bildung.de<\/p>\n<p><strong>Tr\u00e4ger der OGS:<\/strong><br \/>\nSozialwerk f\u00fcr Bildung und Jugend<br \/>\nAm Schwesternheim 7<br \/>\n59939 Olsberg<\/p>\n<p><strong>Anmeldeformulare:<br \/>\n<\/strong><a href=\"https:\/\/www.grundschule-t-a-h.de\/wp-content\/uploads\/2025\/09\/Aufnahmeantrag-OGS-ab-26-27.pdf\">Aufnahmeantrag OGS ab 26-27<\/a><br \/>\n<a href=\"https:\/\/www.grundschule-t-a-h.de\/wp-content\/uploads\/2025\/09\/Merkblatt-Elternbeitraege-OGS-ab-26-27.pdf\">Merkblatt Elternbeitr\u00e4ge OGS ab 26-27<\/a><br \/>\n<a href=\"https:\/\/www.grundschule-t-a-h.de\/wp-content\/uploads\/2024\/10\/Nachweis_Betreuungsbedarf.pdf\">Nachweis Betreuungsbedarf<\/a><\/p>\n<p><strong>Leitung:<br \/>\n<\/strong>Frau Helena P\u00f6pper (Diplom-Sozial-P\u00e4dagogin)<\/p>\n<p><strong>Team:<br \/>\n<\/strong>Natalie Keller<br \/>\nStephanie Molitor<br \/>\nUte M\u00fchlenbein<br \/>\nAnnette Sumkowski<br \/>\nSimone St\u00fcttgen<br \/>\nFrederik Molitor<\/p>\n<p><strong>\u00d6ffnungszeiten:<br \/>\n<\/strong>In der Schulzeit von 11.30 Uhr bis 16.00 Uhr<br \/>\nIn den Ferien bzw. an unterrichtsfreien Tagen haben wir Montag \u2013 Freitag von 8.00 Uhr bis 16.00 Uhr ge\u00f6ffnet.<\/p>\n<p>In unserer OGS und der 8.00 Uhr bis 13.15 Uhr Betreuung sind nach Anmeldung alle Sch\u00fclerinnen und Sch\u00fcler wilkommen.<\/p>\n<p>In der OGS k\u00f6nnen bis zu 40 Kinder aufgenommen werden.<\/p>\n<p>Die Kinder kommen je nach Unterrichtschluss \u00fcbergangslos in die R\u00e4ume der OGS und erledigen ihre Hausaufgaben unter qualifizierter Betreuung \u2013 je nach F\u00f6rderbedarf mit mehr oder weniger Hilfestellung.<\/p>\n<p>Ein Austausch zwischen Lehrern und OGS Personal findet t\u00e4glich statt. OGS und Schule arbeiten Hand in Hand, so dass Absprachen auch kurzfristig getroffen bzw. ver\u00e4ndert werden k\u00f6nnen.<\/p>\n<p>Die Mittagspause beginnt mit einem von allen Kindern eingenommenen Mittagessen.<\/p>\n<p>Unser Essen wird t\u00e4glich frisch zubereitet und von einem Caterer geliefert<\/p>\n<p>Der Nachmittag ist t\u00e4glich gepr\u00e4gt von wechselnden Bastel- und Spielangeboten.<\/p>\n<p>Den Kindern steht je nach Wetterlage der gesch\u00fctzte Innenhof, der Schulhof, die Fu\u00dfballwiese sowie der Sportplatz und die angrenzende Turnhalle zum Freispiel zur Verf\u00fcgung.<\/p>\n<p>Zus\u00e4tzlich bieten wir drei Mal die Woche Arbeitsgemeinschaften an:<\/p>\n<ul>\n<li>Back AG: w\u00f6chentlich wechselnde Kleingruppen die nach Anleitung &#8211; und mit viel Spa\u00df- s\u00fc\u00dfe sowie auch herzhafte Backwaren f\u00fcr die gesamte Gruppe zubereiten. Dadurch, dass Kinder vom 1. &#8211; 4. Schuljahr gleichzeitig teilnehmen, werden soziale Kompetenzen als auch die Wahrnehmung der Kinder geschult. \u00c4ltere Kinder helfen den Kleineren z.B das Rezept zu erlesen und die Zutaten und notwendigen Utensilien zusammen zu tragen.<\/li>\n<li>Sport AG: Je nach Sportangebot wechselnde Gruppen, welche die Turnhalle oder je nach Wetterlage den Sportplatz, nutzen.Verschiedene Ballspiele und Bewegungsspiele schulen die Motorik und f\u00f6rdern ein ausgewogenes Sozialverhalten. Durch R\u00fccksichtnahme und Hilfestellung werden soziale Kompetenzen gest\u00e4rkt.<\/li>\n<li>Schwimm AG: Einmal w\u00f6chentlich nutzen wir das ortsans\u00e4ssige Hallenbad. Dieses Angebot wird gerne und mit Begeisterung angenommen. Die Kinder m\u00fcssen sich an unverzichtbare Regeln innerhalb des Schwimmbades halten. Der soziale Umgang miteinander steht im Vordergrund, die Frustrationstoleranz wird geschult und eigene Grenzen bzw. \u00c4ngste werden erfahren und k\u00f6nnen so mit Anleitung und Hilfe \u00fcberwunden werden. Neben Spiel und Spa\u00df im Wasser liegt der Hauptfokus auf dem Erlernen bzw. Verbessern der individuellen Schwimmtechniken. Zudem haben die Kinder die M\u00f6glichkeit verschiedene Schwimmabzeichen (Seepferdchen, Freischwimmer&#8230;. ) unter qualifizierter Aufsicht einer Bademeisterin und einer p\u00e4dagogischen Fachkraft mit DLRG Rettungsschein zu erlangen.<\/li>\n<\/ul>\n<p>In unserer OGS Hoppecke sind wir stolz auf:<\/p>\n<ul>\n<li>ein gut zusammenarbeitendes sich erg\u00e4nzendes Team.<\/li>\n<li>auf ein famili\u00e4res Miteinander.<\/li>\n<li>auf ein integrationsunterst\u00fctzendes Arbeiten.<\/li>\n<li>auf ein immer \u201eoffenes Ohr\u201c der Mitarbeiter f\u00fcr Probleme und Schwierigkeiten der zu betreuenden Kinder.<\/li>\n<\/ul>\n<p>&nbsp;<\/p>\n<p><strong>Die Ferienregelung:<\/strong><\/p>\n<p>\u00d6ffnungszeiten unserer Offenen Ganztagsschulen in Th\u00fclen, Alme und Hoppecke in den Ferien:<\/p>\n<p>\u00d6ffnungszeiten in den Herbstferien (in jedem Jahr):<\/p>\n<p>1. Woche: Alme und Hoppecke<br \/>\n2. Woche: Th\u00fclen<\/p>\n<p>\u00d6ffnungszeiten in den Osterferien (in jedem Jahr):<\/p>\n<p>1. Woche: Th\u00fclen<br \/>\n2. Woche: Alme und Hoppecke<\/p>\n<p>\u00d6ffnungszeiten in den Sommerferien (wechselnd):<\/p>\n<ul>\n<li>2025 \u2013 1.-3. Woche: Alme und Hoppecke 4.-6. Woche: Th\u00fclen<\/li>\n<li>2026 \u2013 1.-3. Woche: Th\u00fclen und Alme 4.-6. Woche: Hoppecke<\/li>\n<li>2027 \u2013 1.-3. Woche: Hoppecke und Th\u00fclen 4.-6. Woche: Alme<\/li>\n<\/ul>\n<p>Ab 2028 beginnt die Reihenfolge wieder von vorne.<\/p>\n<p>In den Weihnachtsferien bleiben alle OGSsen geschlossen.<\/p>\n<p>&nbsp;<\/p>\n<p>&nbsp;<\/p>\n<p style=\"padding-left: 30px;\"><img loading=\"lazy\" decoding=\"async\" class=\"aligncenter wp-image-2696 size-full\" src=\"https:\/\/www.grundschule-t-a-h.de\/wp-content\/uploads\/2014\/10\/Hoppecke-OGS-02.jpg\" alt=\"Hoppecke OGS\" width=\"600\" height=\"338\" srcset=\"https:\/\/www.grundschule-t-a-h.de\/wp-content\/uploads\/2014\/10\/Hoppecke-OGS-02.jpg 600w, https:\/\/www.grundschule-t-a-h.de\/wp-content\/uploads\/2014\/10\/Hoppecke-OGS-02-250x141.jpg 250w\" sizes=\"auto, (max-width: 600px) 100vw, 600px\" \/><\/p>\n<p style=\"padding-left: 30px;\"><img loading=\"lazy\" decoding=\"async\" class=\"aligncenter wp-image-2695 size-full\" src=\"https:\/\/www.grundschule-t-a-h.de\/wp-content\/uploads\/2014\/10\/Hoppecke-OGS-01.jpg\" alt=\"Hoppecke OGS\" width=\"600\" height=\"338\" srcset=\"https:\/\/www.grundschule-t-a-h.de\/wp-content\/uploads\/2014\/10\/Hoppecke-OGS-01.jpg 600w, https:\/\/www.grundschule-t-a-h.de\/wp-content\/uploads\/2014\/10\/Hoppecke-OGS-01-250x141.jpg 250w\" sizes=\"auto, (max-width: 600px) 100vw, 600px\" \/><\/p>\n<p>&nbsp;<\/p>\n<p>&nbsp;<\/p>\n","protected":false},"excerpt":{"rendered":"<p>OGS Standort Hoppecke Heinrich-Jansen-Str. 23a 59929 Brilon-Hoppecke Tel.: 02963 \u2013 9670057 Mail: ogs-hoppecke@sozialwerk-bildung.de Tr\u00e4ger der OGS: Sozialwerk f\u00fcr Bildung und Jugend Am Schwesternheim 7 59939 Olsberg Anmeldeformulare: Aufnahmeantrag OGS ab 26-27 Merkblatt Elternbeitr\u00e4ge OGS ab 26-27 Nachweis Betreuungsbedarf Leitung: Frau &hellip; <a href=\"https:\/\/www.grundschule-t-a-h.de\/?page_id=86\">Weiterlesen <span class=\"meta-nav\">&rarr;<\/span><\/a><\/p>\n","protected":false},"author":2,"featured_media":0,"parent":0,"menu_order":0,"comment_status":"closed","ping_status":"closed","template":"","meta":{"ngg_post_thumbnail":0,"footnotes":""},"class_list":["post-86","page","type-page","status-publish","hentry"],"_links":{"self":[{"href":"https:\/\/www.grundschule-t-a-h.de\/index.php?rest_route=\/wp\/v2\/pages\/86","targetHints":{"allow":["GET"]}}],"collection":[{"href":"https:\/\/www.grundschule-t-a-h.de\/index.php?rest_route=\/wp\/v2\/pages"}],"about":[{"href":"https:\/\/www.grundschule-t-a-h.de\/index.php?rest_route=\/wp\/v2\/types\/page"}],"author":[{"embeddable":true,"href":"https:\/\/www.grundschule-t-a-h.de\/index.php?rest_route=\/wp\/v2\/users\/2"}],"replies":[{"embeddable":true,"href":"https:\/\/www.grundschule-t-a-h.de\/index.php?rest_route=%2Fwp%2Fv2%2Fcomments&post=86"}],"version-history":[{"count":22,"href":"https:\/\/www.grundschule-t-a-h.de\/index.php?rest_route=\/wp\/v2\/pages\/86\/revisions"}],"predecessor-version":[{"id":9709,"href":"https:\/\/www.grundschule-t-a-h.de\/index.php?rest_route=\/wp\/v2\/pages\/86\/revisions\/9709"}],"wp:attachment":[{"href":"https:\/\/www.grundschule-t-a-h.de\/index.php?rest_route=%2Fwp%2Fv2%2Fmedia&parent=86"}],"curies":[{"name":"wp","href":"https:\/\/api.w.org\/{rel}","templated":true}]}}