{"id":8325,"date":"2022-09-16T20:21:31","date_gmt":"2022-09-16T18:21:31","guid":{"rendered":"https:\/\/www.grundschule-t-a-h.de\/?page_id=8325"},"modified":"2025-09-30T10:56:32","modified_gmt":"2025-09-30T08:56:32","slug":"anmeldung-lernanfaenger","status":"publish","type":"page","link":"https:\/\/www.grundschule-t-a-h.de\/?page_id=8325","title":{"rendered":"Anmeldung Lernanf\u00e4nger"},"content":{"rendered":"<p>Anmeldeformular f\u00fcr die Lernanf\u00e4ngerinnen und -anf\u00e4nger f\u00fcr das Schuljahr 2026\/2027:<\/p>\n<p><a href=\"https:\/\/www.grundschule-t-a-h.de\/wp-content\/uploads\/2025\/09\/Anmeldebogen-Lernanfaenger-26-27.pdf\">Anmeldebogen Lernanf\u00e4nger 26-27<\/a><\/p>\n<hr>\n<p><strong>Von der Anmeldung zur Einschulung \u2013 <\/strong><strong>Information f\u00fcr die Eltern unserer Lernanf\u00e4nger(innen)<\/strong><\/p>\n<p><strong>Liebe Eltern der zuk\u00fcnftigen Erstkl\u00e4ssler(innen) im Schuljahr 2026\/27,<\/strong><\/p>\n<p>bald beginnt f\u00fcr Ihr Kind ein neuer, spannender Lebensabschnitt \u2013 die Schulzeit! Wir freuen uns darauf, Sie und Ihr Kind auf diesem Weg begleiten zu d\u00fcrfen.<\/p>\n<p>Damit Sie gut informiert sind, m\u00f6chten wir Ihnen hier einen \u00dcberblick \u00fcber alle wichtigen Termine und Schritte von der Anmeldung bis zur Einschulung geben:<\/p>\n<hr>\n<p><strong>1. Allgemeiner Elterninformationsabend der Briloner Grundschulen<\/strong><\/p>\n<p style=\"padding-left: 40px;\">Im <strong>September\/Oktober 2025<\/strong> findet ein gemeinsamer Informationsabend aller Briloner Grundschulen statt. Dort erhalten Sie grundlegende Informationen rund um das Schulf\u00e4higkeitsprofil, die Schulanmeldung und vieles mehr.<\/p>\n<p style=\"padding-left: 40px;\"><span style=\"color: #00ccff;\"><strong>Dienstag, 16.09.2025<\/strong><\/span><br \/>\n<span style=\"color: #00ccff;\"><strong>18:00 Uhr<\/strong><\/span><br \/>\n<span style=\"color: #00ccff;\"><strong>B\u00fcrgerzentrum Kolpinghaus, Brilon<\/strong><\/span><\/p>\n<hr>\n<p><strong>2. Unsere Tage der offenen T\u00fcr<\/strong><\/p>\n<p style=\"padding-left: 40px;\"><strong>Standort Th\u00fclen: <span style=\"color: #00ccff;\">30.09.2025<\/span><br \/>\nStandort Alme: <span style=\"color: #00ccff;\">01.10.2025<\/span><br \/>\nStandort Hoppecke:<span style=\"color: #00ccff;\"> 02.10.2025<\/span><\/strong><br \/>\n<span style=\"color: #00ccff;\"><strong>jeweils 16:00 &#8211; 17:00 Uhr<\/strong><\/span><\/p>\n<p style=\"padding-left: 40px;\">Wir laden alle Lernanf\u00e4nger(innen) 2026\/27 und ihre Eltern herzlich ein, unsere Schule kennenzulernen.<\/p>\n<p style=\"padding-left: 40px;\">Was Sie erwartet:<\/p>\n<ul>\n<li style=\"list-style-type: none;\">\n<ul>\n<li>Schulf\u00fchrung<\/li>\n<li>Information \u00fcber schulische Konzepte<\/li>\n<li>Vorstellung von Lehrwerken &amp; Whiteboards<\/li>\n<li>Informationen zur Offenen Ganztagsschule (OGS)<br \/>\n\u2026 und vieles mehr!<\/li>\n<\/ul>\n<\/li>\n<\/ul>\n<hr>\n<p><strong>3. Schulanmeldung<\/strong><\/p>\n<p style=\"padding-left: 40px;\"><span style=\"color: #00ccff;\"><strong>Anmeldezeitraum: <\/strong><strong>24.10. \u2013 31.10.2025 <\/strong><\/span>(nach vorheriger Terminvereinbarung)<\/p>\n<p style=\"padding-left: 40px;\"><span style=\"color: #00ccff;\"><strong>24.10.2025: 9.00 &#8211; 13.45 Uhr<br \/>\n27.10.2025: 8.00 &#8211; 10.00 Uhr<br \/>\n29.10.2025: 13.00 &#8211; 16.00 Uhr<br \/>\n30.10.2025: 8.00 &#8211; 9.45 Uhr, 13.00 &#8211; 14.45 Uhr<br \/>\n<\/strong><\/span><span style=\"color: #00ccff;\"><strong>31.10.2025: 8.00 &#8211; 11.45 Uhr<\/strong><\/span><\/p>\n<p style=\"padding-left: 40px;\"><span style=\"color: #00ccff;\"><strong>Terminvereinbarung: <\/strong><strong>ab dem 17.09.2025 <\/strong><\/span>jeweils zwischen <strong>9:00 und 12:00 Uhr<\/strong> unter <strong>02963\/95090<\/strong><\/p>\n<p style=\"padding-left: 40px;\"><strong>Zur Anmeldung mitzubringen:<\/strong><\/p>\n<ul>\n<li style=\"list-style-type: none;\">\n<ul>\n<li>Ihr Kind<\/li>\n<li>Geburtsurkunde oder Stammbuch<\/li>\n<li>ausgef\u00fcllter Anmeldebogen <strong>&#8211; von beiden Elternteilen unterschrieben (<a href=\"https:\/\/www.grundschule-t-a-h.de\/wp-content\/uploads\/2025\/09\/Anmeldebogen-Lernanfaenger-26-27.pdf\">Anmeldebogen Lernanf\u00e4nger 26-27<\/a>)<\/strong><\/li>\n<li>Masern-Impfnachweis<\/li>\n<li>Nachweis \u00fcber besondere Sorgerechtsbestimmungen (z.B. alleiniges Sorgerecht)<\/li>\n<\/ul>\n<\/li>\n<\/ul>\n<p style=\"padding-left: 40px;\">W\u00e4hrend der Anmeldung m\u00f6chten wir in einem pers\u00f6nlichen Gespr\u00e4ch Ihr Kind und Sie kennenlernen. Bei kleinen \u00dcbungen verschaffen wir uns einen ersten Eindruck \u00fcber den Lern- und Sprachstand Ihres Kindes. Auch organisatorische Angelegenheiten k\u00f6nnen bei diesem Gespr\u00e4ch gekl\u00e4rt werden.<\/p>\n<hr>\n<p><strong>4. Besuch im Kindergarten<\/strong><\/p>\n<p style=\"padding-left: 40px;\">Unsere Sozialp\u00e4dagogische Fachkraft besucht die Lernanf\u00e4nger(innen) in den \u00f6rtlichen Kinderg\u00e4rten.<\/p>\n<hr>\n<p><strong>5. Schulspiel<\/strong><\/p>\n<p style=\"padding-left: 40px;\"><span style=\"color: #00ccff;\"><strong>November\/Dezember 2025: <\/strong><\/span>Ihr Kind nimmt an einem Schulspiel teil, bei dem wichtige F\u00e4higkeiten in den Bereichen Wahrnehmung, Sprache und Zahlverst\u00e4ndnis spielerisch beobachtet werden. Es erfolgt zudem ein Austausch mit dem Kindergarten (nur mit Ihrer Zustimmung). Zu diesem Schulspiel wird Ihr Kind schriftlich eingeladen.<\/p>\n<hr>\n<p><strong>6. Aufnahme<\/strong><\/p>\n<p style=\"padding-left: 40px;\"><span style=\"color: #00ccff;\"><strong>Februar\/M\u00e4rz 2026:<\/strong><\/span> Versand der Aufnahmebest\u00e4tigungen inklusive Standortzuweisung<\/p>\n<hr>\n<p><strong>7. Besuch der Kinderg\u00e4rten in der Grundschule<\/strong><\/p>\n<p style=\"padding-left: 40px;\"><span style=\"color: #00ccff;\"><strong>Juni\/Juli 2026:<\/strong><\/span> Die Lernanf\u00e4nger(innen) besuchen mit Ihren Erzieherinnen den Unterricht der Klassen 1 an den Standorten.<\/p>\n<hr>\n<p><strong>8. Einschulung<\/strong><\/p>\n<p style=\"padding-left: 40px;\">Am 2. Schultag nach den Sommerferien 2026: <strong><span style=\"color: #00ccff;\">03.09.2026<\/span><\/strong><\/p>\n<hr>\n<p>Bei Fragen oder Beratungsbedarf stehen wir Ihnen gerne zur Verf\u00fcgung.<br \/>\nWir freuen uns auf die gemeinsame Zeit mit Ihrem Kind!<\/p>\n<p>Mit herzlichen Gr\u00fc\u00dfen<br \/>\n<strong>Ihr Team des Grundschulverbunds Th\u00fclen-Alme-Hoppecke<\/strong><\/p>\n","protected":false},"excerpt":{"rendered":"<p>Anmeldeformular f\u00fcr die Lernanf\u00e4ngerinnen und -anf\u00e4nger f\u00fcr das Schuljahr 2026\/2027: Anmeldebogen Lernanf\u00e4nger 26-27 Von der Anmeldung zur Einschulung \u2013 Information f\u00fcr die Eltern unserer Lernanf\u00e4nger(innen) Liebe Eltern der zuk\u00fcnftigen Erstkl\u00e4ssler(innen) im Schuljahr 2026\/27, bald beginnt f\u00fcr Ihr Kind ein neuer, &hellip; <a href=\"https:\/\/www.grundschule-t-a-h.de\/?page_id=8325\">Weiterlesen <span class=\"meta-nav\">&rarr;<\/span><\/a><\/p>\n","protected":false},"author":9,"featured_media":0,"parent":0,"menu_order":0,"comment_status":"closed","ping_status":"closed","template":"","meta":{"ngg_post_thumbnail":0,"footnotes":""},"class_list":["post-8325","page","type-page","status-publish","hentry"],"_links":{"self":[{"href":"https:\/\/www.grundschule-t-a-h.de\/index.php?rest_route=\/wp\/v2\/pages\/8325","targetHints":{"allow":["GET"]}}],"collection":[{"href":"https:\/\/www.grundschule-t-a-h.de\/index.php?rest_route=\/wp\/v2\/pages"}],"about":[{"href":"https:\/\/www.grundschule-t-a-h.de\/index.php?rest_route=\/wp\/v2\/types\/page"}],"author":[{"embeddable":true,"href":"https:\/\/www.grundschule-t-a-h.de\/index.php?rest_route=\/wp\/v2\/users\/9"}],"replies":[{"embeddable":true,"href":"https:\/\/www.grundschule-t-a-h.de\/index.php?rest_route=%2Fwp%2Fv2%2Fcomments&post=8325"}],"version-history":[{"count":12,"href":"https:\/\/www.grundschule-t-a-h.de\/index.php?rest_route=\/wp\/v2\/pages\/8325\/revisions"}],"predecessor-version":[{"id":9716,"href":"https:\/\/www.grundschule-t-a-h.de\/index.php?rest_route=\/wp\/v2\/pages\/8325\/revisions\/9716"}],"wp:attachment":[{"href":"https:\/\/www.grundschule-t-a-h.de\/index.php?rest_route=%2Fwp%2Fv2%2Fmedia&parent=8325"}],"curies":[{"name":"wp","href":"https:\/\/api.w.org\/{rel}","templated":true}]}}