{"id":78,"date":"2014-10-13T19:00:29","date_gmt":"2014-10-13T17:00:29","guid":{"rendered":"http:\/\/v-a-m-t.briit.de\/?page_id=78"},"modified":"2025-09-19T13:36:50","modified_gmt":"2025-09-19T11:36:50","slug":"ogs-thuelen","status":"publish","type":"page","link":"https:\/\/www.grundschule-t-a-h.de\/?page_id=78","title":{"rendered":"OGS Th\u00fclen"},"content":{"rendered":"<p><strong><a href=\"https:\/\/www.grundschule-t-a-h.de\/wp-content\/uploads\/2018\/09\/OGS-Blume-2018-HP.jpg\" rel=\"lightbox[78]\"><img loading=\"lazy\" decoding=\"async\" class=\"alignright wp-image-5304\" src=\"https:\/\/www.grundschule-t-a-h.de\/wp-content\/uploads\/2018\/09\/OGS-Blume-2018-HP.jpg\" alt=\"\" width=\"251\" height=\"450\" srcset=\"https:\/\/www.grundschule-t-a-h.de\/wp-content\/uploads\/2018\/09\/OGS-Blume-2018-HP.jpg 447w, https:\/\/www.grundschule-t-a-h.de\/wp-content\/uploads\/2018\/09\/OGS-Blume-2018-HP-140x250.jpg 140w\" sizes=\"auto, (max-width: 251px) 100vw, 251px\" \/><\/a>OGS Grundschulverbund Th\u00fclen &#8211; Alme &#8211; Hoppecke<br \/>\n<\/strong><\/p>\n<p>Am Stemmel 9<\/p>\n<p>59929 Brilon &#8211; Th\u00fclen<\/p>\n<p>Telefon: 02963 95092<\/p>\n<p>E-Mail: ogs-thuelen@sozialwerk-bildung.de<\/p>\n<p>&nbsp;<\/p>\n<p><strong>Tr\u00e4ger der OGS:<\/strong><\/p>\n<p>Sozialwerk Sauerland GmbH<\/p>\n<p>Kinder- und Jugendhilfeverbund<\/p>\n<p>Am Schwesternheim 7<\/p>\n<p>59939 Olsberg<\/p>\n<p>&nbsp;<\/p>\n<p><strong>Anmeldeformulare:<\/strong><\/p>\n<p><a href=\"https:\/\/www.grundschule-t-a-h.de\/wp-content\/uploads\/2025\/09\/Aufnahmeantrag-OGS-ab-26-27.pdf\">Aufnahmeantrag OGS ab 26-27<\/a><a href=\"https:\/\/www.grundschule-t-a-h.de\/wp-content\/uploads\/2023\/11\/Merkblatt-Elternbeitraege-OGS-2023.pdf\"><br \/>\n<\/a><a href=\"https:\/\/www.grundschule-t-a-h.de\/wp-content\/uploads\/2025\/09\/Merkblatt-Elternbeitraege-OGS-ab-26-27.pdf\">Merkblatt Elternbeitr\u00e4ge OGS ab 26-27<\/a><a href=\"https:\/\/www.grundschule-t-a-h.de\/wp-content\/uploads\/2023\/11\/Merkblatt-Elternbeitraege-OGS-2023.pdf\"><br \/>\n<\/a><a href=\"https:\/\/www.grundschule-t-a-h.de\/wp-content\/uploads\/2024\/10\/Nachweis_Betreuungsbedarf.pdf\">Nachweis Betreuungsbedarf<\/a><\/p>\n<p>&nbsp;<\/p>\n<p><strong>Leitung: <\/strong><\/p>\n<p>Frau Vellmer<\/p>\n<p>&nbsp;<\/p>\n<p><strong>\u00d6ffnungszeiten: <\/strong><\/p>\n<p>Schulzeiten: 11:35&nbsp; &#8211; 16:00 Uhr<\/p>\n<p>Ferien \/unterrichtsfreie Tage: 8:00&nbsp; &#8211;&nbsp; 16:00 Uhr<\/p>\n<p>&nbsp;<\/p>\n<p>Durch Ganztagsangebote, mit den Zielen der Geborgenheit, des Gut-Aufgehoben-Seins, des Sich-Wohlf\u00fchlens und einer guten Grundlage der Pers\u00f6nlichkeitsentwicklung, wird&nbsp; Schule noch mehr als bisher f\u00fcr Kinder zum Ort des Lehrens und Lernens, des gemeinsamen Spielens und Spa\u00df haben. Die OGS will nicht nur als Schule Unterrichtsstoff vermitteln, sondern Lebensraum f\u00fcr die Kinder werden &#8211; <strong>ein Haus f\u00fcr und mit Kindern.<\/strong><\/p>\n<p>Die OGS ist f\u00fcr <strong>alle Sch\u00fcler\/innen,<\/strong> die Interesse haben, offen.<\/p>\n<p><strong>Angebot:<\/strong><\/p>\n<ul>\n<li>1 Gruppe mit 25 Kindern<\/li>\n<\/ul>\n<ul>\n<li>T\u00e4glich frisch zubereitetes, ausgewogenes gemeinsames Mittagessen: verpflichtend (Das Essensgeld wird \u00fcber das Mensa Max System bezahlt. Die Eltern melden ihr Kind bei Mensa Max an.)<\/li>\n<\/ul>\n<ul>\n<li>Qualifizierte Hausaufgabenbetreuung<\/li>\n<\/ul>\n<ul>\n<li>Begleitung beim Spiel (freies Spiel, drinnen und drau\u00dfen, &#8230;)<\/li>\n<\/ul>\n<ul>\n<li>Angebote, Projekte und AG\u00b4s in unterschiedlichen Bereichen (Sport, Kreativit\u00e4t, musisch &#8230;)<\/li>\n<li>Ferienbetreuung: drei Wochen in den Sommerferien, Betreuung in den Oster- und Herbstferien und an beweglichen Ferientagen und unterrichtsfreien Tagen (in Zusammenarbeit mit den OGSen Alme und Hoppecke)<\/li>\n<\/ul>\n<p>&nbsp;<\/p>\n<p><strong>Tagesablauf:<\/strong><\/p>\n<table>\n<tbody>\n<tr>\n<td>1.\/ 2. Klasse<\/td>\n<td>&nbsp;<\/td>\n<td>&nbsp;3.\/ 4. Klasse<\/td>\n<\/tr>\n<tr>\n<td>11:50 Uhr<\/td>\n<td>&nbsp;&#8211; <strong>Freispiel<\/strong> &#8211;<\/td>\n<td>11:50 Uhr<\/td>\n<\/tr>\n<tr>\n<td>12:30 Uhr<\/td>\n<td>&nbsp;&#8211; <strong>Mittagessen<\/strong> &#8211;<\/td>\n<td>13:20 Uhr<\/td>\n<\/tr>\n<tr>\n<td>13:00 Uhr<\/td>\n<td>&nbsp;&#8211; <strong>Hausaufgaben<\/strong> &#8211;<\/td>\n<td>13:50 Uhr<\/td>\n<\/tr>\n<tr>\n<td>13:30 Uhr<\/td>\n<td>&nbsp;&#8211; <strong>Freispiel <\/strong>&#8211;<\/td>\n<td>&nbsp;<\/td>\n<\/tr>\n<tr>\n<td>15:00 Uhr<\/td>\n<td>&nbsp;&#8211; <strong>AG\u00b4s\/Projekte<\/strong> &#8211;<\/td>\n<td>15:00 Uhr<\/td>\n<\/tr>\n<tr>\n<td>16:00 Uhr<\/td>\n<td><strong>&nbsp;Betreuungsende<\/strong><\/td>\n<td>16:00 Uhr<\/td>\n<\/tr>\n<\/tbody>\n<\/table>\n<p>Die Hausaufgabenbetreuung und das Mittagessen richten sich nach dem Stundenplan.<\/p>\n<p>&nbsp;<\/p>\n<p><strong>Uns ist wichtig:&nbsp;&nbsp;&nbsp;<\/strong><\/p>\n<ul>\n<li>durch das Erleben gezielter gemeinsamer Projekte und AG\u00b4s sowie des gemeinsamen Mittagessens wird der soziale Umgang gef\u00f6rdert.<\/li>\n<\/ul>\n<ul>\n<li>durch Anleitung, Anregung und der Teilnahme an altersgemischten Gruppen wird eine sinnvolle, kreative Freizeitgestaltung erlebt.<\/li>\n<\/ul>\n<ul>\n<li>f\u00fcr Fragen, Anregungen und den pers\u00f6nlichen Austausch stehen wir den Eltern zu Gespr\u00e4chen zur Verf\u00fcgung.<\/li>\n<\/ul>\n<p>&nbsp;<\/p>\n<p><strong>Mitarbeiter\/innen<\/strong><\/p>\n<p>OGS &#8211; P\u00e4dagogen\/innen, Lehrer\/innen (Begleitung bei den Hausaufgaben), AG Leiter\/Innen<\/p>\n<p>OGS &#8211; P\u00e4dagogen\/innen pro Gruppe: Gruppenleitung und zwei Erg\u00e4nzungskr\u00e4fte<\/p>\n<p>Elternberatung\/Fachberatung: Dipl. P\u00e4dagoge\/ Familientherapeut<\/p>\n<p>&nbsp;<\/p>\n<p><strong>Gestaltung der R\u00e4ume<\/strong><\/p>\n<p>R\u00e4ume, die den Bed\u00fcrfnissen der Kinder entsprechend gestaltet, themen- und angebotsbezogen sind.<\/p>\n<p>Dazu geh\u00f6ren:<\/p>\n<ul>\n<li>K\u00fcche: Mittagsversorgung, hauswirtschaftliche Angebote<\/li>\n<li>Tagesgruppenraum: Mittagessen in Kleingruppen, verschiedene Spielm\u00f6glichkeiten<\/li>\n<li>Sporthalle\/Au\u00dfengel\u00e4nde\/Spielplatz: Platz f\u00fcr Bewegung und angeleitete Angebote<\/li>\n<li>Ruheraum: R\u00fcckzugsm\u00f6glichkeit zum Spielen in Kleingruppen und zum Ausruhen<\/li>\n<li>Spielzimmer: themenbezogene Spielecken, Bastelbereich, Kicker<\/li>\n<\/ul>\n<p>&nbsp;<\/p>\n<p><strong>Die Ferienregelung:<\/strong><\/p>\n<p>\u00d6ffnungszeiten unserer Offenen Ganztagsschulen in Th\u00fclen, Alme und Hoppecke in den Ferien:<\/p>\n<p>\u00d6ffnungszeiten in den Herbstferien (in jedem Jahr):<\/p>\n<p>1. Woche: Alme und Hoppecke<br \/>\n2. Woche: Th\u00fclen<\/p>\n<p>\u00d6ffnungszeiten in den Osterferien (in jedem Jahr):<\/p>\n<p>1. Woche: Th\u00fclen<br \/>\n2. Woche: Alme und Hoppecke<\/p>\n<p>\u00d6ffnungszeiten in den Sommerferien (wechselnd):<\/p>\n<ul>\n<li>2025 \u2013 1.-3. Woche: Alme und Hoppecke 4.-6. Woche: Th\u00fclen<\/li>\n<li>2026 \u2013 1.-3. Woche: Th\u00fclen und Alme 4.-6. Woche: Hoppecke<\/li>\n<li>2027 \u2013 1.-3. Woche: Hoppecke und Th\u00fclen 4.-6. Woche: Alme<\/li>\n<\/ul>\n<p>Ab 2028 beginnt die Reihenfolge wieder von vorne.<\/p>\n<p>In den Weihnachtsferien bleiben alle OGSsen geschlossen.<\/p>\n<p>&nbsp;<\/p>\n","protected":false},"excerpt":{"rendered":"<p>OGS Grundschulverbund Th\u00fclen &#8211; Alme &#8211; Hoppecke Am Stemmel 9 59929 Brilon &#8211; Th\u00fclen Telefon: 02963 95092 E-Mail: ogs-thuelen@sozialwerk-bildung.de &nbsp; Tr\u00e4ger der OGS: Sozialwerk Sauerland GmbH Kinder- und Jugendhilfeverbund Am Schwesternheim 7 59939 Olsberg &nbsp; Anmeldeformulare: Aufnahmeantrag OGS ab 26-27 &hellip; <a href=\"https:\/\/www.grundschule-t-a-h.de\/?page_id=78\">Weiterlesen <span class=\"meta-nav\">&rarr;<\/span><\/a><\/p>\n","protected":false},"author":2,"featured_media":0,"parent":0,"menu_order":0,"comment_status":"closed","ping_status":"closed","template":"","meta":{"ngg_post_thumbnail":0,"footnotes":""},"class_list":["post-78","page","type-page","status-publish","hentry"],"_links":{"self":[{"href":"https:\/\/www.grundschule-t-a-h.de\/index.php?rest_route=\/wp\/v2\/pages\/78","targetHints":{"allow":["GET"]}}],"collection":[{"href":"https:\/\/www.grundschule-t-a-h.de\/index.php?rest_route=\/wp\/v2\/pages"}],"about":[{"href":"https:\/\/www.grundschule-t-a-h.de\/index.php?rest_route=\/wp\/v2\/types\/page"}],"author":[{"embeddable":true,"href":"https:\/\/www.grundschule-t-a-h.de\/index.php?rest_route=\/wp\/v2\/users\/2"}],"replies":[{"embeddable":true,"href":"https:\/\/www.grundschule-t-a-h.de\/index.php?rest_route=%2Fwp%2Fv2%2Fcomments&post=78"}],"version-history":[{"count":27,"href":"https:\/\/www.grundschule-t-a-h.de\/index.php?rest_route=\/wp\/v2\/pages\/78\/revisions"}],"predecessor-version":[{"id":9711,"href":"https:\/\/www.grundschule-t-a-h.de\/index.php?rest_route=\/wp\/v2\/pages\/78\/revisions\/9711"}],"wp:attachment":[{"href":"https:\/\/www.grundschule-t-a-h.de\/index.php?rest_route=%2Fwp%2Fv2%2Fmedia&parent=78"}],"curies":[{"name":"wp","href":"https:\/\/api.w.org\/{rel}","templated":true}]}}