{"id":717,"date":"2015-03-17T21:28:48","date_gmt":"2015-03-17T19:28:48","guid":{"rendered":"https:\/\/www.grundschule-t-a-h.de\/?page_id=717"},"modified":"2024-01-23T08:29:29","modified_gmt":"2024-01-23T06:29:29","slug":"links","status":"publish","type":"page","link":"https:\/\/www.grundschule-t-a-h.de\/?page_id=717","title":{"rendered":"Links f\u00fcr Kinder"},"content":{"rendered":"<p>Seiten f\u00fcr Kinder:<\/p>\n<p><a href=\"https:\/\/www.antolin.de\/\" target=\"_blank\" rel=\"noopener noreferrer\"><img loading=\"lazy\" decoding=\"async\" class=\"size-full wp-image-129 alignleft\" src=\"https:\/\/www.grundschule-t-a-h.de\/wp-content\/uploads\/2014\/10\/Logo-Antolin.gif\" alt=\"Antolin\" width=\"142\" height=\"85\"><\/a><a href=\"https:\/\/www.antolin.de\" target=\"_blank\" rel=\"noopener noreferrer\"><strong>Antolin &#8211; Mit Lesen punkten<\/strong><\/a><\/p>\n<p><a href=\"https:\/\/www.antolin.de\" target=\"_blank\" rel=\"noopener noreferrer\">Ein Internet &#8211; B\u00fccherquiz<\/a><\/p>\n<p>&nbsp;<\/p>\n<p><a href=\"https:\/\/anton.app\/de\/\" target=\"_blank\" rel=\"noopener noreferrer\"><img loading=\"lazy\" decoding=\"async\" class=\"alignleft wp-image-7322 size-medium\" src=\"https:\/\/www.grundschule-t-a-h.de\/wp-content\/uploads\/2020\/06\/Anton-App-250x117.jpg\" alt=\"\" width=\"250\" height=\"117\" srcset=\"https:\/\/www.grundschule-t-a-h.de\/wp-content\/uploads\/2020\/06\/Anton-App-250x117.jpg 250w, https:\/\/www.grundschule-t-a-h.de\/wp-content\/uploads\/2020\/06\/Anton-App.jpg 260w\" sizes=\"auto, (max-width: 250px) 100vw, 250px\" \/><\/a><\/p>\n<p><a href=\"https:\/\/anton.app\/de\/\" target=\"_blank\" rel=\"noopener noreferrer\"><strong>Anton &#8211; App<\/strong><\/a><br \/>\n<a href=\"https:\/\/anton.app\/de\/\" target=\"_blank\" rel=\"noopener noreferrer\">Online f\u00fcr die Schule lernen<\/a> (Anmeldung erforderlich)<\/p>\n<p>&nbsp;<\/p>\n<p><strong><a href=\"https:\/\/grundschuldiagnose.westermann.de\/\" target=\"_blank\" rel=\"noopener noreferrer\"><img loading=\"lazy\" decoding=\"async\" class=\"size-full wp-image-6739 alignleft\" src=\"https:\/\/www.grundschule-t-a-h.de\/wp-content\/uploads\/2019\/12\/Online-Diagnpse.jpg\" alt=\"\" width=\"209\" height=\"250\"><\/a><\/strong><\/p>\n<p><a href=\"https:\/\/grundschuldiagnose.westermann.de\/\" target=\"_blank\" rel=\"noopener noreferrer\"><strong>Online-Diagnose Grundschule<\/strong><\/a><\/p>\n<p><a href=\"https:\/\/grundschuldiagnose.westermann.de\/\" target=\"_blank\" rel=\"noopener noreferrer\">(Login im Unterricht)<\/a><\/p>\n<p>&nbsp;<\/p>\n<p>&nbsp;<\/p>\n<p>&nbsp;<\/p>\n<p>&nbsp;<\/p>\n<p><a href=\"https:\/\/www.onilo.de\/\" target=\"_blank\" rel=\"noopener\"><img loading=\"lazy\" decoding=\"async\" class=\"alignleft size-full wp-image-8040\" src=\"https:\/\/www.grundschule-t-a-h.de\/wp-content\/uploads\/2021\/11\/onilo.jpg\" alt=\"\" width=\"250\" height=\"91\"><\/a><\/p>\n<p><a href=\"https:\/\/www.onilo.de\/\" target=\"_blank\" rel=\"noopener\"><strong>Onilo<\/strong><\/a><\/p>\n<p>Animierte Kinderb\u00fccher zum Lesen, H\u00f6ren und Verstehen<\/p>\n<p>&nbsp;<\/p>\n<p><a href=\"https:\/\/www.fragfinn.de\/\" target=\"_blank\" rel=\"noopener\"><img loading=\"lazy\" decoding=\"async\" class=\"size-full wp-image-7883 alignleft\" src=\"https:\/\/www.grundschule-t-a-h.de\/wp-content\/uploads\/2021\/08\/Fragfinn.deHP_.jpg\" alt=\"\" width=\"117\" height=\"150\"><\/a><a href=\"https:\/\/www.fragfinn.de\/\" target=\"_blank\" rel=\"noopener\"><strong>fragFINN &#8211; Kindersuchmaschine<\/strong><\/a><\/p>\n<p><a href=\"https:\/\/www.fragfinn.de\/\" target=\"_blank\" rel=\"noopener\">Kindersuchmaschine und sicherer Surfraum f\u00fcr Kinder bis 12 Jahre<\/a><\/p>\n<p>&nbsp;<\/p>\n<p>&nbsp;<\/p>\n<p>&nbsp;<\/p>\n<p><a href=\"https:\/\/www.wdrmaus.de\/\" target=\"_blank\" rel=\"noopener noreferrer\"><img loading=\"lazy\" decoding=\"async\" class=\"wp-image-1275 alignleft\" src=\"https:\/\/www.grundschule-t-a-h.de\/wp-content\/uploads\/2015\/03\/maus.gif\" alt=\"Sendung mit der Maus\" width=\"165\" height=\"135\"><\/a><strong><a href=\"https:\/\/www.die-maus.de\" target=\"_self\" rel=\"noopener noreferrer\">Die Seite mit der Maus<\/a><\/strong><\/p>\n<p><a href=\"https:\/\/www.die-maus.de\" target=\"_self\" rel=\"noopener noreferrer\">Online Lach- und Sachgeschichten mit der Maus&nbsp;<\/a><\/p>\n<p>&nbsp;<\/p>\n<p>&nbsp;<\/p>\n<p>&nbsp;<\/p>\n<p><a href=\"https:\/\/www.nrw-entdecken.de\/\" target=\"_blank\" rel=\"noopener noreferrer\"><img loading=\"lazy\" decoding=\"async\" class=\"wp-image-1276 alignleft\" src=\"https:\/\/www.grundschule-t-a-h.de\/wp-content\/uploads\/2015\/03\/nrw_endecken-1024x601.gif\" alt=\"NRW entdecken\" width=\"218\" height=\"128\" srcset=\"https:\/\/www.grundschule-t-a-h.de\/wp-content\/uploads\/2015\/03\/nrw_endecken-1024x601.gif 1024w, https:\/\/www.grundschule-t-a-h.de\/wp-content\/uploads\/2015\/03\/nrw_endecken-250x147.gif 250w\" sizes=\"auto, (max-width: 218px) 100vw, 218px\" \/><\/a><br \/>\n<a href=\"https:\/\/www.nrw-entdecken.de\/\" target=\"_blank\" rel=\"noopener noreferrer\"><strong>NRW entdecken<\/strong><br \/>\n<\/a> <a href=\"https:\/\/www.nrw-entdecken.de\/\" target=\"_blank\" rel=\"noopener noreferrer\"><br \/>\nNicki Nuss, ein Eichh\u00f6rnchen f\u00fchrt durch Nordrhein-Westfalen. Es gibt Kohlesch\u00e4chte, den Rhein und vieles mehr zu entdecken. <\/a><\/p>\n<p>&nbsp;<\/p>\n<p>&nbsp;<\/p>\n<p><a href=\"https:\/\/www.medienwerkstatt-online.de\/lws_wissen\/\" target=\"_blank\" rel=\"noopener noreferrer\"><img loading=\"lazy\" decoding=\"async\" class=\"wp-image-1278 alignleft\" src=\"https:\/\/www.grundschule-t-a-h.de\/wp-content\/uploads\/2015\/03\/medienwerkstatt-wissenskarten.jpg\" alt=\"Medienwerkstatt Wissenskarten\" width=\"218\" height=\"147\" srcset=\"https:\/\/www.grundschule-t-a-h.de\/wp-content\/uploads\/2015\/03\/medienwerkstatt-wissenskarten.jpg 800w, https:\/\/www.grundschule-t-a-h.de\/wp-content\/uploads\/2015\/03\/medienwerkstatt-wissenskarten-250x169.jpg 250w, https:\/\/www.grundschule-t-a-h.de\/wp-content\/uploads\/2015\/03\/medienwerkstatt-wissenskarten-120x80.jpg 120w\" sizes=\"auto, (max-width: 218px) 100vw, 218px\" \/><\/a><\/p>\n<p><a href=\"https:\/\/www.medienwerkstatt-online.de\/lws_wissen\/\" target=\"_blank\" rel=\"noopener noreferrer\"><strong>Wissenskarten<\/strong> zu zahlreichen Themen: Jahreszeiten, Der Mensch, L\u00e4nder, Pflanzen, Technik, Tiere<\/a><\/p>\n<p>&nbsp;<\/p>\n<p>&nbsp;<\/p>\n<p>&nbsp;<\/p>\n<p>&nbsp;<\/p>\n<p><a href=\"https:\/\/www.bauernhof.net\" target=\"_blank\" rel=\"noopener noreferrer\"><img loading=\"lazy\" decoding=\"async\" class=\"size-full wp-image-1279 alignleft\" src=\"https:\/\/www.grundschule-t-a-h.de\/wp-content\/uploads\/2015\/03\/bauernhof.gif\" alt=\"bauernhof\" width=\"147\" height=\"75\"><\/a><a href=\"https:\/\/bauernhof.net\/index1.htm\" target=\"_blank\" rel=\"noopener noreferrer\"><strong>Bauernhof &#8211; Landwirtschaft zum Anfassen<\/strong><\/a><\/p>\n<p><a href=\"https:\/\/bauernhof.net\/index1.htm\" target=\"_blank\" rel=\"noopener noreferrer\">Informationen rund um den Bauernhof und seine Bewohner (Kuhstallbesichtigung,&#8230;)<\/a><\/p>\n<p>&nbsp;<\/p>\n<p>&nbsp;<\/p>\n<p><a href=\"https:\/\/www.wasistwas.de\/\" target=\"_blank\" rel=\"noopener noreferrer\"><img loading=\"lazy\" decoding=\"async\" class=\" wp-image-1284 alignleft\" src=\"https:\/\/www.grundschule-t-a-h.de\/wp-content\/uploads\/2015\/03\/Was-ist-was.jpg\" alt=\"Was ist was\" width=\"145\" height=\"144\" srcset=\"https:\/\/www.grundschule-t-a-h.de\/wp-content\/uploads\/2015\/03\/Was-ist-was.jpg 206w, https:\/\/www.grundschule-t-a-h.de\/wp-content\/uploads\/2015\/03\/Was-ist-was-150x150.jpg 150w\" sizes=\"auto, (max-width: 145px) 100vw, 145px\" \/><\/a><strong><a href=\"https:\/\/www.wasistwas.de\/\" target=\"_blank\" rel=\"noopener noreferrer\">Was ist was &#8211; Das Wissensportal zu der Kinder- und Jugendbuchsachreihe<\/a><\/strong><\/p>\n<p><a href=\"https:\/\/www.wasistwas.de\/\" target=\"_blank\" rel=\"noopener noreferrer\">Wissenswertes zu den Themengebieten Geschichte, Natur &amp; Tiere, Technik, Wissenschaft und Sport &amp; Kultur<\/a><\/p>\n<p>&nbsp;<\/p>\n<p>&nbsp;<\/p>\n<p>&nbsp;<\/p>\n<p><a href=\"https:\/\/www.internet-abc.de\/\" target=\"_blank\" rel=\"noopener noreferrer\"><img loading=\"lazy\" decoding=\"async\" class=\" wp-image-1283 alignleft\" src=\"https:\/\/www.grundschule-t-a-h.de\/wp-content\/uploads\/2015\/03\/internet-abc.jpg\" alt=\"Internet ABC\" width=\"216\" height=\"151\"><\/a><strong><a href=\"https:\/\/www.internet-abc.de\" target=\"_self\" rel=\"noopener noreferrer\">Seite f\u00fcr den Einstieg ins Internet<\/a><\/strong><\/p>\n<p><a href=\"https:\/\/www.internet-abc.de\" target=\"_self\" rel=\"noopener noreferrer\">Tipps f\u00fcr den sicheren Umgang mit dem Internet <\/a><\/p>\n<p>&nbsp;<\/p>\n<p>&nbsp;<\/p>\n<p>&nbsp;<\/p>\n<p><a href=\"https:\/\/www.hamsterkiste.de\/\" target=\"_blank\" rel=\"noopener noreferrer\"><img loading=\"lazy\" decoding=\"async\" class=\"wp-image-1286 alignleft\" src=\"https:\/\/www.grundschule-t-a-h.de\/wp-content\/uploads\/2015\/03\/hamsterkiste.jpg\" alt=\"Hamsterkiste\" width=\"215\" height=\"45\" srcset=\"https:\/\/www.grundschule-t-a-h.de\/wp-content\/uploads\/2015\/03\/hamsterkiste.jpg 636w, https:\/\/www.grundschule-t-a-h.de\/wp-content\/uploads\/2015\/03\/hamsterkiste-250x52.jpg 250w\" sizes=\"auto, (max-width: 215px) 100vw, 215px\" \/><\/a>&nbsp;<a href=\"https:\/\/www.hamsterkiste.de\/\" target=\"_blank\" rel=\"noopener noreferrer\"><strong>Hamsterkiste<\/strong> &#8211; Texte, Geschichten, Bilder, Aufgaben und Arbeitsbl\u00e4tter f\u00fcr Kinder, die etwas lernen wollen <\/a><\/p>\n<p>&nbsp;<\/p>\n<p>&nbsp;<\/p>\n<p><a href=\"https:\/\/www.religionen-entdecken.de\/startseite\" target=\"_blank\" rel=\"noopener noreferrer\"><img loading=\"lazy\" decoding=\"async\" class=\"alignleft size-full wp-image-1689\" src=\"https:\/\/www.grundschule-t-a-h.de\/wp-content\/uploads\/2015\/03\/religionen-entdecken.jpg\" alt=\"religionen-entdecken\" width=\"200\" height=\"132\" srcset=\"https:\/\/www.grundschule-t-a-h.de\/wp-content\/uploads\/2015\/03\/religionen-entdecken.jpg 200w, https:\/\/www.grundschule-t-a-h.de\/wp-content\/uploads\/2015\/03\/religionen-entdecken-120x80.jpg 120w\" sizes=\"auto, (max-width: 200px) 100vw, 200px\" \/><strong>Religionen entdecken<\/strong> &#8211; Weltreligionen f\u00fcr Kinder erkl\u00e4rt<\/a><\/p>\n<p><a href=\"https:\/\/www.religionen-entdecken.de\/quiz\/startseite\" target=\"_blank\" rel=\"noopener noreferrer\">zum Quiz<\/a><\/p>\n<p>&nbsp;<\/p>\n<p>&nbsp;<\/p>\n<p><a href=\"https:\/\/cloude.collishop.de\/\"><img loading=\"lazy\" decoding=\"async\" class=\"size-full wp-image-4531 alignleft\" src=\"https:\/\/www.grundschule-t-a-h.de\/wp-content\/uploads\/2017\/12\/Logo-RSW.jpg\" alt=\"\" width=\"142\" height=\"142\"><strong>Graf Orthos Laut-Buchstaben-Sortiermaschine<\/strong><\/a><\/p>\n<p>(Login nur nach Anmeldung durch die Lehrerin m\u00f6glich)<\/p>\n<p>&nbsp;<\/p>\n<p>&nbsp;<\/p>\n","protected":false},"excerpt":{"rendered":"<p>Seiten f\u00fcr Kinder: Antolin &#8211; Mit Lesen punkten Ein Internet &#8211; B\u00fccherquiz &nbsp; Anton &#8211; App Online f\u00fcr die Schule lernen (Anmeldung erforderlich) &nbsp; Online-Diagnose Grundschule (Login im Unterricht) &nbsp; &nbsp; &nbsp; &nbsp; Onilo Animierte Kinderb\u00fccher zum Lesen, H\u00f6ren und &hellip; <a href=\"https:\/\/www.grundschule-t-a-h.de\/?page_id=717\">Weiterlesen <span class=\"meta-nav\">&rarr;<\/span><\/a><\/p>\n","protected":false},"author":2,"featured_media":0,"parent":712,"menu_order":0,"comment_status":"closed","ping_status":"closed","template":"","meta":{"ngg_post_thumbnail":0,"footnotes":""},"class_list":["post-717","page","type-page","status-publish","hentry"],"_links":{"self":[{"href":"https:\/\/www.grundschule-t-a-h.de\/index.php?rest_route=\/wp\/v2\/pages\/717","targetHints":{"allow":["GET"]}}],"collection":[{"href":"https:\/\/www.grundschule-t-a-h.de\/index.php?rest_route=\/wp\/v2\/pages"}],"about":[{"href":"https:\/\/www.grundschule-t-a-h.de\/index.php?rest_route=\/wp\/v2\/types\/page"}],"author":[{"embeddable":true,"href":"https:\/\/www.grundschule-t-a-h.de\/index.php?rest_route=\/wp\/v2\/users\/2"}],"replies":[{"embeddable":true,"href":"https:\/\/www.grundschule-t-a-h.de\/index.php?rest_route=%2Fwp%2Fv2%2Fcomments&post=717"}],"version-history":[{"count":41,"href":"https:\/\/www.grundschule-t-a-h.de\/index.php?rest_route=\/wp\/v2\/pages\/717\/revisions"}],"predecessor-version":[{"id":9019,"href":"https:\/\/www.grundschule-t-a-h.de\/index.php?rest_route=\/wp\/v2\/pages\/717\/revisions\/9019"}],"up":[{"embeddable":true,"href":"https:\/\/www.grundschule-t-a-h.de\/index.php?rest_route=\/wp\/v2\/pages\/712"}],"wp:attachment":[{"href":"https:\/\/www.grundschule-t-a-h.de\/index.php?rest_route=%2Fwp%2Fv2%2Fmedia&parent=717"}],"curies":[{"name":"wp","href":"https:\/\/api.w.org\/{rel}","templated":true}]}}