{"id":601,"date":"2015-03-05T17:06:44","date_gmt":"2015-03-05T15:06:44","guid":{"rendered":"https:\/\/www.grundschule-t-a-h.de\/?page_id=601"},"modified":"2025-08-27T17:05:25","modified_gmt":"2025-08-27T15:05:25","slug":"foerderverein-verbundschule-alme-madfeld-thuelen","status":"publish","type":"page","link":"https:\/\/www.grundschule-t-a-h.de\/?page_id=601","title":{"rendered":"F\u00f6rderverein Verbundschule Alme &#8211; Madfeld &#8211; Th\u00fclen"},"content":{"rendered":"<p><strong>Vorstand des F\u00f6rdervereins Verbundschule Alme &#8211; Madfeld &#8211; Th\u00fclen:<\/strong><a href=\"https:\/\/www.grundschule-t-a-h.de\/wp-content\/uploads\/2024\/11\/Foerderverein-A-M-T-2425.jpg\" rel=\"lightbox[601]\"><br \/>\n<img loading=\"lazy\" decoding=\"async\" class=\"aligncenter size-full wp-image-9275\" src=\"https:\/\/www.grundschule-t-a-h.de\/wp-content\/uploads\/2024\/11\/Foerderverein-A-M-T-2425.jpg\" alt=\"\" width=\"600\" height=\"450\" srcset=\"https:\/\/www.grundschule-t-a-h.de\/wp-content\/uploads\/2024\/11\/Foerderverein-A-M-T-2425.jpg 600w, https:\/\/www.grundschule-t-a-h.de\/wp-content\/uploads\/2024\/11\/Foerderverein-A-M-T-2425-250x188.jpg 250w, https:\/\/www.grundschule-t-a-h.de\/wp-content\/uploads\/2024\/11\/Foerderverein-A-M-T-2425-160x120.jpg 160w\" sizes=\"auto, (max-width: 600px) 100vw, 600px\" \/><\/a><\/p>\n<p style=\"text-align: center;\">v.l.n.r.: L. Schl\u00fcter, J. Witteler, S. Dufhues, M. Becker (1 Vorsitzender), T. Schneider<\/p>\n<p style=\"text-align: center;\"><a href=\"https:\/\/www.grundschule-t-a-h.de\/wp-content\/uploads\/2019\/12\/Beitrittserkl\u00e4rung-F\u00f6rderverein-Verbundschule-neu-2019.pdf\">Beitrittserkl\u00e4rung F\u00f6rderverein Verbundschule Alme-Madfeld-Th\u00fclen<\/a><\/p>\n<p>&nbsp;<\/p>\n<p><img loading=\"lazy\" decoding=\"async\" class=\"aligncenter size-full wp-image-9665\" src=\"https:\/\/www.grundschule-t-a-h.de\/wp-content\/uploads\/2025\/08\/Flyer-2025.jpg\" alt=\"\" width=\"323\" height=\"699\" srcset=\"https:\/\/www.grundschule-t-a-h.de\/wp-content\/uploads\/2025\/08\/Flyer-2025.jpg 323w, https:\/\/www.grundschule-t-a-h.de\/wp-content\/uploads\/2025\/08\/Flyer-2025-116x250.jpg 116w\" sizes=\"auto, (max-width: 323px) 100vw, 323px\" \/><img loading=\"lazy\" decoding=\"async\" class=\"aligncenter wp-image-9662 size-full\" src=\"https:\/\/www.grundschule-t-a-h.de\/wp-content\/uploads\/2025\/08\/Flyer-2025-2.jpg\" alt=\"\" width=\"323\" height=\"699\" srcset=\"https:\/\/www.grundschule-t-a-h.de\/wp-content\/uploads\/2025\/08\/Flyer-2025-2.jpg 323w, https:\/\/www.grundschule-t-a-h.de\/wp-content\/uploads\/2025\/08\/Flyer-2025-2-116x250.jpg 116w\" sizes=\"auto, (max-width: 323px) 100vw, 323px\" \/> <img loading=\"lazy\" decoding=\"async\" class=\"aligncenter wp-image-9663 size-full\" src=\"https:\/\/www.grundschule-t-a-h.de\/wp-content\/uploads\/2025\/08\/Flyer-2025-3.jpg\" alt=\"\" width=\"323\" height=\"699\" srcset=\"https:\/\/www.grundschule-t-a-h.de\/wp-content\/uploads\/2025\/08\/Flyer-2025-3.jpg 323w, https:\/\/www.grundschule-t-a-h.de\/wp-content\/uploads\/2025\/08\/Flyer-2025-3-116x250.jpg 116w\" sizes=\"auto, (max-width: 323px) 100vw, 323px\" \/><img loading=\"lazy\" decoding=\"async\" class=\"aligncenter wp-image-9664 size-full\" src=\"https:\/\/www.grundschule-t-a-h.de\/wp-content\/uploads\/2025\/08\/Flyer-2025-4.jpg\" alt=\"\" width=\"323\" height=\"699\" srcset=\"https:\/\/www.grundschule-t-a-h.de\/wp-content\/uploads\/2025\/08\/Flyer-2025-4.jpg 323w, https:\/\/www.grundschule-t-a-h.de\/wp-content\/uploads\/2025\/08\/Flyer-2025-4-116x250.jpg 116w\" sizes=\"auto, (max-width: 323px) 100vw, 323px\" \/><\/p>\n<p>Helfen Sie mit und werden Sie Mitglied im F\u00f6rderverein:&nbsp;<a href=\"https:\/\/www.grundschule-t-a-h.de\/wp-content\/uploads\/2019\/12\/Beitrittserkl\u00e4rung-F\u00f6rderverein-Verbundschule-neu-2019.pdf\">Beitrittserkl\u00e4rung F\u00f6rderverein Verbundschule Alme-Madfeld-Th\u00fclen<\/a><\/p>\n<p>WhatsApp-Channel des F\u00f6rdervereins: <a href=\"https:\/\/whatsapp.com\/channel\/0029VayKPnKId7nDZaY6wQ0f\">Beitreten!<\/a><\/p>\n<p>&nbsp;<\/p>\n<p>F\u00fcr das Drucken das aktuellen Flyers danken wir <a href=\"http:\/\/www.sd-kemmerling.de\/\" target=\"_blank\" rel=\"noopener noreferrer\">Satz &amp; Druck Kemmerling<\/a>!<\/p>\n","protected":false},"excerpt":{"rendered":"<p>Vorstand des F\u00f6rdervereins Verbundschule Alme &#8211; Madfeld &#8211; Th\u00fclen: v.l.n.r.: L. Schl\u00fcter, J. Witteler, S. Dufhues, M. Becker (1 Vorsitzender), T. Schneider Beitrittserkl\u00e4rung F\u00f6rderverein Verbundschule Alme-Madfeld-Th\u00fclen &nbsp; Helfen Sie mit und werden Sie Mitglied im F\u00f6rderverein:&nbsp;Beitrittserkl\u00e4rung F\u00f6rderverein Verbundschule Alme-Madfeld-Th\u00fclen WhatsApp-Channel &hellip; <a href=\"https:\/\/www.grundschule-t-a-h.de\/?page_id=601\">Weiterlesen <span class=\"meta-nav\">&rarr;<\/span><\/a><\/p>\n","protected":false},"author":2,"featured_media":0,"parent":0,"menu_order":0,"comment_status":"closed","ping_status":"closed","template":"","meta":{"ngg_post_thumbnail":0,"footnotes":""},"class_list":["post-601","page","type-page","status-publish","hentry"],"_links":{"self":[{"href":"https:\/\/www.grundschule-t-a-h.de\/index.php?rest_route=\/wp\/v2\/pages\/601","targetHints":{"allow":["GET"]}}],"collection":[{"href":"https:\/\/www.grundschule-t-a-h.de\/index.php?rest_route=\/wp\/v2\/pages"}],"about":[{"href":"https:\/\/www.grundschule-t-a-h.de\/index.php?rest_route=\/wp\/v2\/types\/page"}],"author":[{"embeddable":true,"href":"https:\/\/www.grundschule-t-a-h.de\/index.php?rest_route=\/wp\/v2\/users\/2"}],"replies":[{"embeddable":true,"href":"https:\/\/www.grundschule-t-a-h.de\/index.php?rest_route=%2Fwp%2Fv2%2Fcomments&post=601"}],"version-history":[{"count":35,"href":"https:\/\/www.grundschule-t-a-h.de\/index.php?rest_route=\/wp\/v2\/pages\/601\/revisions"}],"predecessor-version":[{"id":9667,"href":"https:\/\/www.grundschule-t-a-h.de\/index.php?rest_route=\/wp\/v2\/pages\/601\/revisions\/9667"}],"wp:attachment":[{"href":"https:\/\/www.grundschule-t-a-h.de\/index.php?rest_route=%2Fwp%2Fv2%2Fmedia&parent=601"}],"curies":[{"name":"wp","href":"https:\/\/api.w.org\/{rel}","templated":true}]}}